{"id":3,"date":"2022-09-05T00:24:02","date_gmt":"2022-09-04T22:24:02","guid":{"rendered":"https:\/\/www.exhale.news\/?page_id=3"},"modified":"2024-01-25T15:45:10","modified_gmt":"2024-01-25T14:45:10","slug":"legalnotice","status":"publish","type":"page","link":"https:\/\/www.virtuos.world\/en\/legalnotice\/","title":{"rendered":"Legal Notice"},"content":{"rendered":"\n<p><strong>Provider<\/strong><\/p>\n\n\n\n<p>Rheinland-Pf\u00e4lzische Technische Universit\u00e4t Kaiserslautern-Landau<br>Gottlieb-Daimler-Stra\u00dfe, Geb\u00e4ude 47<br>67663 Kaiserslautern<br>Deutschland<\/p>\n\n\n\n<p><strong>Telefon: <\/strong>+49 631 205 0<br><strong>Telefax: <\/strong>+49 631 205 3200<br><strong>E-Mail: <\/strong>info@rptu.de<\/p>\n\n\n\n<p>The Rheinland-Pf\u00e4lzische Technische Universit\u00e4t Kaiserslautern-Landau (RPTU) is a public law corporation. It is represented by the dual presidency of RPTU, which generally jointly holds the position of President: Co-President Prof. Dr. Arnd Poetzsch-Heffter, Co-President Prof. Dr. Gabriele E. Schaumann.<\/p>\n\n\n\n<p>VAT Identification Number: DE 148 642 087<\/p>\n\n\n\n<p><strong>Supervisory Authority<\/strong><\/p>\n\n\n\n<p>Ministerium f\u00fcr Wissenschaft und Gesundheit des Landes Rheinland-Pfalz<br>Mittlere Bleiche 61<br>55116 Mainz<\/p>\n\n\n\n<p><strong>Content Responsibility<\/strong><\/p>\n\n\n\n<p>Responsible under \u00a7 18 Abs. 2 MStV<\/p>\n\n\n\n<p>Bj\u00f6rn Risch<br>Fortstra\u00dfe 7<br>Building I, Room 4.12<br>76829 Landau<\/p>\n","protected":false},"excerpt":{"rendered":"<p>Provider Rheinland-Pf\u00e4lzische Technische Universit\u00e4t Kaiserslautern-LandauGottlieb-Daimler-Stra\u00dfe, Geb\u00e4ude 4767663 KaiserslauternDeutschland Telefon: +49 631 205 0Telefax: +49 631 205 3200E-Mail: info@rptu.de The Rheinland-Pf\u00e4lzische Technische Universit\u00e4t Kaiserslautern-Landau (RPTU) is a public law corporation. It is represented by the dual presidency of RPTU, which generally jointly holds the position of President: Co-President Prof. Dr. Arnd Poetzsch-Heffter, Co-President Prof. Dr. Gabriele [&hellip;]<\/p>\n","protected":false},"author":1,"featured_media":0,"parent":0,"menu_order":0,"comment_status":"closed","ping_status":"closed","template":"","meta":{"_editorskit_title_hidden":false,"_editorskit_reading_time":0,"_editorskit_is_block_options_detached":false,"_editorskit_block_options_position":"{}","footnotes":""},"class_list":["post-3","page","type-page","status-publish","hentry"],"_links":{"self":[{"href":"https:\/\/www.virtuos.world\/en\/wp-json\/wp\/v2\/pages\/3","targetHints":{"allow":["GET"]}}],"collection":[{"href":"https:\/\/www.virtuos.world\/en\/wp-json\/wp\/v2\/pages"}],"about":[{"href":"https:\/\/www.virtuos.world\/en\/wp-json\/wp\/v2\/types\/page"}],"author":[{"embeddable":true,"href":"https:\/\/www.virtuos.world\/en\/wp-json\/wp\/v2\/users\/1"}],"replies":[{"embeddable":true,"href":"https:\/\/www.virtuos.world\/en\/wp-json\/wp\/v2\/comments?post=3"}],"version-history":[{"count":3,"href":"https:\/\/www.virtuos.world\/en\/wp-json\/wp\/v2\/pages\/3\/revisions"}],"predecessor-version":[{"id":263,"href":"https:\/\/www.virtuos.world\/en\/wp-json\/wp\/v2\/pages\/3\/revisions\/263"}],"wp:attachment":[{"href":"https:\/\/www.virtuos.world\/en\/wp-json\/wp\/v2\/media?parent=3"}],"curies":[{"name":"wp","href":"https:\/\/api.w.org\/{rel}","templated":true}]}}